{"id":111685,"date":"2026-01-12T13:37:52","date_gmt":"2026-01-12T13:37:52","guid":{"rendered":"https:\/\/guestshots.gr\/terminos-de-uso\/"},"modified":"2026-01-12T13:44:39","modified_gmt":"2026-01-12T13:44:39","slug":"terminos-de-uso","status":"publish","type":"page","link":"https:\/\/guestshots.gr\/es\/terminos-de-uso\/","title":{"rendered":"T\u00e9rminos de uso"},"content":{"rendered":"\t\t<div data-elementor-type=\"wp-page\" data-elementor-id=\"111685\" class=\"elementor elementor-111685 elementor-111673\" data-elementor-post-type=\"page\">\n\t\t\t\t<div class=\"elementor-element elementor-element-b1732a3 e-flex e-con-boxed e-con e-parent\" data-id=\"b1732a3\" data-element_type=\"container\">\n\t\t\t\t\t<div class=\"e-con-inner\">\n\t\t\t\t<div class=\"elementor-element elementor-element-0b8c050 elementor-widget elementor-widget-text-editor\" data-id=\"0b8c050\" data-element_type=\"widget\" data-widget_type=\"text-editor.default\">\n\t\t\t\t<div class=\"elementor-widget-container\">\n\t\t\t\t\t\t\t\t\t<h1>T\u00e9rminos de uso<\/h1>\n\n<p>\n\u00a1Bienvenido al sitio web de GuestShots! El visitante\/usuario de las p\u00e1ginas y servicios de nuestro sitio web debe leer atentamente los t\u00e9rminos de uso y las condiciones de prestaci\u00f3n de servicios que se detallan a continuaci\u00f3n antes de visitar o utilizar nuestros servicios y, en caso de desacuerdo, no debe hacer uso de ellos. De lo contrario, se presume que los acepta y otorga su consentimiento. Los siguientes t\u00e9rminos de uso se aplican a todo el contenido y a todo lo que generalmente se incluye en nuestro sitio web.   \n<\/p>\n\n<p>\nLa empresa individual con el nombre Nine Muses Production Studio and Metamorphosis Lab (en adelante, \u00abGuestshots\u00bb) puede, en cualquier momento, modificar los presentes t\u00e9rminos de uso y las condiciones, y los usuarios\/visitantes deben comprobar en cada ocasi\u00f3n si se han producido cambios y, si contin\u00faan utilizando el sitio web, se considerar\u00e1 que aceptan los t\u00e9rminos y condiciones modificados. En caso contrario, deber\u00e1n abstenerse de utilizar\/visitar nuestro sitio web. \n<\/p>\n\n<h3>1. Descripci\u00f3n del servicio<\/h3>\n\n<p>\nNuestro sitio web ofrece a los usuarios la posibilidad de adquirir paquetes de almacenamiento e intercambio de contenido multimedia, a trav\u00e9s de los cuales reciben un enlace (link) a un c\u00f3digo QR \u00fanico, as\u00ed como un c\u00f3digo de seguridad (PIN) para acceder a un panel de control para su edici\u00f3n. Los visitantes que escanean el c\u00f3digo QR y, tras recibir el c\u00f3digo de seguridad (PIN), pueden subir fotos y v\u00eddeos (multimedia), que se almacenan en el panel de control del usuario y pueden visualizarse a trav\u00e9s de una transmisi\u00f3n continua en pantallas o descargarse digitalmente o mediante impresiones. \n<\/p>\n\n<h3>2. Aceptaci\u00f3n de los t\u00e9rminos<\/h3>\n\n<p>\nAl utilizar nuestro servicio, declara que ha cumplido los 18 a\u00f1os de edad y que posee plena capacidad legal para celebrar acuerdos vinculantes de conformidad con la legislaci\u00f3n aplicable, o que act\u00faa como progenitor o tutor legal de un menor, cuando sube fotos\/v\u00eddeos en los que aparece el menor, y que ha obtenido todo el consentimiento legal necesario para utilizar nuestro sitio web. Si representa a una empresa o a cualquier otra entidad jur\u00eddica, declara por la presente que tiene la autoridad para obligar a dicha entidad a cumplir estos T\u00e9rminos. Si no est\u00e1 de acuerdo con alguno de los t\u00e9rminos, no est\u00e1 autorizado a utilizar nuestro servicio y debe abandonar el sitio web.  \n<\/p>\n\n<p>\nAl utilizar el sitio web y\/o enviar contenido, el usuario declara que se cumplen las condiciones anteriores. Nuestro servicio se reserva el derecho a solicitar la confirmaci\u00f3n de la edad o el consentimiento cuando se considere necesario. \n<\/p>\n\n<h3>3. Cuentas y acceso<\/h3>\n\n<ul>\n  <li>Los usuarios deben crear una cuenta para acceder al panel de control.<\/li>\n  <li>Usted es responsable de mantener la confidencialidad de los datos de su cuenta.<\/li>\n  <li>Nos reservamos el derecho a suspender o eliminar las cuentas que infrinjan estos t\u00e9rminos.<\/li>\n<\/ul>\n\n<h3>4. Contenido de los usuarios<\/h3>\n\n<ul>\n  <li>Los usuarios pueden subir fotos o v\u00eddeos a trav\u00e9s del c\u00f3digo QR.<\/li>\n  <li>El contenido debe cumplir las normas de uso aceptable (v\u00e9ase el apartado 5).<\/li>\n  <li>Nos reservamos el derecho a eliminar el contenido que se considere inapropiado o ilegal.<\/li>\n<\/ul>\n\n<h3>5. Uso aceptable<\/h3>\n\n<p>Los usuarios no est\u00e1n autorizados a:<\/p>\n\n<ul>\n  <li>Subir contenido que sea ilegal, ofensivo, pornogr\u00e1fico o que infrinja los derechos de terceros.<\/li>\n  <li>Utilizar el servicio para actividades fraudulentas o abusivas.<\/li>\n  <li>Infringir los derechos de autor o los datos personales de terceros.<\/li>\n  <li>Permitir la divulgaci\u00f3n del enlace (link) de los c\u00f3digos QR, as\u00ed como de los c\u00f3digos de seguridad (PIN) que se crean para el evento a personas que no tienen ninguna relaci\u00f3n con el evento.<\/li>\n<\/ul>\n\n<h3>6. Derechos de autor<\/h3>\n\n<p>\nLos usuarios conservan los derechos sobre el contenido que suben, pero nos conceden una licencia de uso para su reproducci\u00f3n a trav\u00e9s de nuestra plataforma.\n<\/p>\n\n<p>\nEl sitio web y sus servicios est\u00e1n protegidos por derechos de autor y no se permite su uso no autorizado. Se proh\u00edbe cualquier reproducci\u00f3n, distribuci\u00f3n o explotaci\u00f3n de cualquier parte del contenido sin nuestra autorizaci\u00f3n por escrito. \n<\/p>\n\n<h3>7. Protecci\u00f3n de datos<\/h3>\n\n<p>\nEl uso del servicio est\u00e1 sujeto a la Pol\u00edtica de privacidad, que determina la forma en que recopilamos, almacenamos y utilizamos los datos personales.\n<\/p>\n\n<h3>8. Ausencia de garant\u00edas<\/h3>\n\n<p>\nEl servicio se presta \u00abtal cual\u00bb y \u00abseg\u00fan disponibilidad\u00bb, sin garant\u00edas de ning\u00fan tipo, expresas o impl\u00edcitas. No garantizamos que: \n<\/p>\n\n<ul>\n  <li>Los servicios ser\u00e1n ininterrumpidos o estar\u00e1n libres de errores.<\/li>\n  <li>El contenido ser\u00e1 seguro y estar\u00e1 libre de virus.<\/li>\n  <li>Los resultados del uso de nuestros servicios siempre responder\u00e1n a las expectativas de los usuarios.<\/li>\n  <li>Estar\u00e1 libre de problemas t\u00e9cnicos, como retrasos o fallos de funcionamiento debidos a proveedores externos (como proveedores de alojamiento, almacenamiento de datos, pagos o redes).<\/li>\n<\/ul>\n\n<p>\nEl uso de la plataforma se realiza bajo su propia responsabilidad.\n<\/p>\n\n<h3>9. Exenci\u00f3n de responsabilidad<\/h3>\n\n<p>No asumimos ninguna responsabilidad por:<\/p>\n\n<ul>\n  <li>Problemas derivados del uso incorrecto de la plataforma.<\/li>\n  <li>P\u00e9rdida de datos debido a problemas t\u00e9cnicos o acceso no autorizado.<\/li>\n  <li>Da\u00f1os derivados de terceros o del contenido que suban los usuarios.<\/li>\n  <li>Diferencias de reproducci\u00f3n crom\u00e1tica entre la visualizaci\u00f3n digital y las impresiones.<\/li>\n<\/ul>\n\n<h3>10. Limitaci\u00f3n de responsabilidad<\/h3>\n\n<p>\nEn la medida m\u00e1xima permitida por la ley, no seremos responsables de:\n<\/p>\n\n<ul>\n  <li>Da\u00f1os directos, indirectos o consecuentes derivados del uso del servicio.<\/li>\n  <li>P\u00e9rdidas econ\u00f3micas, p\u00e9rdida de datos o p\u00e9rdida de beneficios.<\/li>\n  <li>Cualquier fallo de funcionamiento debido a factores externos o actos de terceros.<\/li>\n<\/ul>\n\n<p>\nSi, a pesar de estos t\u00e9rminos, se demuestra que tenemos alguna responsabilidad hacia usted, esta se limitar\u00e1 al importe que haya pagado por el uso del servicio.\n<\/p>\n\n<h3>11. Terceros proveedores<\/h3>\n\n<p>\nNuestra plataforma puede incluir servicios, contenidos o enlaces de terceros, que:\n<\/p>\n\n<ul>\n  <li>Se rigen por sus propios t\u00e9rminos y pol\u00edticas.<\/li>\n  <li>No est\u00e1n controlados por nosotros y no somos responsables de ellos.<\/li>\n  <li>Pueden cambiar o interrumpir su funcionamiento sin previo aviso.<\/li>\n<\/ul>\n\n<p>\nSu interacci\u00f3n con terceros proveedores se realiza bajo su propia responsabilidad.\n<\/p>\n\n<h3>12. Modificaciones de los t\u00e9rminos<\/h3>\n\n<p>\nGuestshots se reserva el derecho a modificar en cualquier momento, sin previo aviso a los usuarios, los presentes t\u00e9rminos de uso y el contenido del sitio web con la \u00fanica condici\u00f3n de anunciarlos a trav\u00e9s del mismo, y los visitantes\/usuarios deber\u00e1n comprobar en cada ocasi\u00f3n si se han producido cambios y, si contin\u00faan utilizando el sitio web, se presumir\u00e1 que han aceptado las modificaciones.\n<\/p>\n\n<h3>13. Indemnizaci\u00f3n<\/h3>\n\n<p>\nSe acuerda expresamente por la presente que, en caso de que se interponga contra la empresa cualquier demanda, reclamaci\u00f3n, administrativa o judicial derivada de cualquier tipo de infracci\u00f3n por su parte, usted asume la obligaci\u00f3n, en primer lugar, de intervenir en el procedimiento judicial correspondiente y, en segundo lugar, de indemnizar a la empresa titular en caso de que se vea obligada a pagar una indemnizaci\u00f3n o cualquier otro gasto, as\u00ed como por cualquier da\u00f1o que pueda sufrir como consecuencia de su anterior conducta il\u00edcita.\n<\/p>\n\n<h3>14. Legislaci\u00f3n aplicable y otros t\u00e9rminos<\/h3>\n\n<p>\nEl presente contrato de t\u00e9rminos de uso se rige por las disposiciones del Derecho griego, las directivas y los reglamentos del Derecho europeo y las disposiciones internacionales pertinentes, y se interpreta de acuerdo con las normas de la buena fe, los usos comerciales y el prop\u00f3sito econ\u00f3mico y social del derecho.\n<\/p>\n\n<p>\nSi alg\u00fan t\u00e9rmino se considera contrario a la ley y, por lo tanto, nulo o anulable, dejar\u00e1 de ser aplicable autom\u00e1ticamente, sin que en ning\u00fan caso se vea afectada la validez de los dem\u00e1s t\u00e9rminos.\n<\/p>\n\n<p>\nNinguna modificaci\u00f3n de los t\u00e9rminos del presente contrato se tendr\u00e1 en cuenta ni formar\u00e1 parte del mismo, a menos que se haya formulado por escrito y se haya incorporado al mismo.\n<\/p>\n\n<p>\nLos tribunales de Drama ser\u00e1n competentes para conocer de cualquier controversia que surja en relaci\u00f3n con el presente contrato.\n<\/p>\n\n<h3>15. Contacto<\/h3>\n\n<p>\nSi tiene alguna pregunta o duda sobre estos t\u00e9rminos, p\u00f3ngase en contacto con nosotros en info@nine-muses.gr.\n<\/p>\n\t\t\t\t\t\t\t\t<\/div>\n\t\t\t\t<\/div>\n\t\t\t\t\t<\/div>\n\t\t\t\t<\/div>\n\t\t\t\t<\/div>\n\t\t","protected":false},"excerpt":{"rendered":"<p>T\u00e9rminos de uso \u00a1Bienvenido al sitio web de GuestShots! El visitante\/usuario de las p\u00e1ginas y servicios de nuestro sitio web debe leer atentamente los t\u00e9rminos de uso y las condiciones de prestaci\u00f3n de servicios que se detallan a continuaci\u00f3n antes de visitar o utilizar nuestros servicios y, en caso de desacuerdo, no debe hacer uso [&hellip;]<\/p>\n","protected":false},"author":2,"featured_media":0,"parent":0,"menu_order":0,"comment_status":"closed","ping_status":"closed","template":"","meta":{"footnotes":""},"class_list":["post-111685","page","type-page","status-publish","hentry"],"_links":{"self":[{"href":"https:\/\/guestshots.gr\/es\/wp-json\/wp\/v2\/pages\/111685","targetHints":{"allow":["GET"]}}],"collection":[{"href":"https:\/\/guestshots.gr\/es\/wp-json\/wp\/v2\/pages"}],"about":[{"href":"https:\/\/guestshots.gr\/es\/wp-json\/wp\/v2\/types\/page"}],"author":[{"embeddable":true,"href":"https:\/\/guestshots.gr\/es\/wp-json\/wp\/v2\/users\/2"}],"replies":[{"embeddable":true,"href":"https:\/\/guestshots.gr\/es\/wp-json\/wp\/v2\/comments?post=111685"}],"version-history":[{"count":1,"href":"https:\/\/guestshots.gr\/es\/wp-json\/wp\/v2\/pages\/111685\/revisions"}],"predecessor-version":[{"id":111686,"href":"https:\/\/guestshots.gr\/es\/wp-json\/wp\/v2\/pages\/111685\/revisions\/111686"}],"wp:attachment":[{"href":"https:\/\/guestshots.gr\/es\/wp-json\/wp\/v2\/media?parent=111685"}],"curies":[{"name":"wp","href":"https:\/\/api.w.org\/{rel}","templated":true}]}}