{"id":111687,"date":"2026-01-12T13:37:52","date_gmt":"2026-01-12T13:37:52","guid":{"rendered":"https:\/\/guestshots.gr\/nutzungsbedingungen\/"},"modified":"2026-01-12T13:44:53","modified_gmt":"2026-01-12T13:44:53","slug":"nutzungsbedingungen","status":"publish","type":"page","link":"https:\/\/guestshots.gr\/de\/nutzungsbedingungen\/","title":{"rendered":"Nutzungsbedingungen"},"content":{"rendered":"\t\t<div data-elementor-type=\"wp-page\" data-elementor-id=\"111687\" class=\"elementor elementor-111687 elementor-111673\" data-elementor-post-type=\"page\">\n\t\t\t\t<div class=\"elementor-element elementor-element-b1732a3 e-flex e-con-boxed e-con e-parent\" data-id=\"b1732a3\" data-element_type=\"container\">\n\t\t\t\t\t<div class=\"e-con-inner\">\n\t\t\t\t<div class=\"elementor-element elementor-element-0b8c050 elementor-widget elementor-widget-text-editor\" data-id=\"0b8c050\" data-element_type=\"widget\" data-widget_type=\"text-editor.default\">\n\t\t\t\t<div class=\"elementor-widget-container\">\n\t\t\t\t\t\t\t\t\t<h1>Nutzungsbedingungen<\/h1>\n\n<p>\nWillkommen auf der GuestShots-Website! Der Besucher\/Nutzer unserer Website-Seiten und -Dienste ist verpflichtet, die folgenden Nutzungsbedingungen und Servicebedingungen sorgf\u00e4ltig zu lesen, bevor er unsere Dienste besucht oder nutzt. Im Falle einer Meinungsverschiedenheit darf er diese nicht nutzen. Andernfalls wird davon ausgegangen, dass er diese akzeptiert und seine Zustimmung erteilt. Die nachstehenden Nutzungsbedingungen gelten f\u00fcr den gesamten Inhalt und alles, was generell auf unserer Website enthalten ist.   \n<\/p>\n\n<p>\nDas Einzelunternehmen mit dem Namen Nine Muses Production Studio and Metamorphosis Lab (im Folgenden \u201eGuestshots\u201c genannt) ist jederzeit berechtigt, die vorliegenden Nutzungsbedingungen und Konditionen zu \u00e4ndern. Die Nutzer\/Besucher sind verpflichtet, regelm\u00e4\u00dfig auf m\u00f6gliche \u00c4nderungen zu pr\u00fcfen. Wenn sie die Nutzung fortsetzen, wird davon ausgegangen, dass sie die ge\u00e4nderten Bedingungen akzeptieren. Andernfalls m\u00fcssen sie von der Nutzung\/dem Besuch unserer Website absehen. \n<\/p>\n\n<h3>1. Leistungsbeschreibung<\/h3>\n\n<p>\nUnsere Website bietet Nutzern die M\u00f6glichkeit, Speicher- und Freigabepakete f\u00fcr Inhalte \u2013 Multimediadateien \u2013 zu erwerben. Dadurch erhalten sie einen Link f\u00fcr einen einzigartigen QR-Code sowie einen Sicherheitscode (PIN), um Zugang zu einem Bearbeitungs-Dashboard zu erhalten. Besucher, die den QR-Code scannen und den Sicherheitscode (PIN) erhalten haben, k\u00f6nnen Fotos und\/oder Videos (Multimediadateien) hochladen, die im Benutzer-Dashboard gespeichert werden und entweder \u00fcber einen kontinuierlichen Stream auf Bildschirmen angezeigt oder digital oder als Ausdrucke heruntergeladen werden k\u00f6nnen. \n<\/p>\n\n<h3>2. Annahme der Bedingungen<\/h3>\n\n<p>\nDurch die Nutzung unseres Dienstes erkl\u00e4ren Sie, dass Sie das 18. Lebensjahr vollendet haben und \u00fcber die volle Rechtsf\u00e4higkeit zum Abschluss verbindlicher Vereinbarungen gem\u00e4\u00df geltendem Recht verf\u00fcgen, oder dass Sie als Elternteil oder gesetzlicher Vormund eines Minderj\u00e4hrigen handeln, wenn Sie Fotos\/Videos hochladen, auf denen der Minderj\u00e4hrige abgebildet ist, und dass Sie alle erforderlichen rechtlichen Zustimmungen zur Nutzung unserer Website eingeholt haben. Wenn Sie ein Unternehmen oder eine andere juristische Person vertreten, erkl\u00e4ren Sie hiermit, dass Sie befugt sind, diese juristische Person an diese Bedingungen zu binden. Wenn Sie mit einer der Bedingungen nicht einverstanden sind, ist die Nutzung unseres Dienstes nicht gestattet und Sie m\u00fcssen die Website verlassen.  \n<\/p>\n\n<p>\nDurch die Nutzung der Website und\/oder die \u00dcbermittlung von Inhalten erkl\u00e4rt der Nutzer, dass die oben genannten Voraussetzungen erf\u00fcllt sind. Unser Dienst beh\u00e4lt sich das Recht vor, bei Bedarf eine Alters- oder Einverst\u00e4ndnisbest\u00e4tigung anzufordern. \n<\/p>\n\n<h3>3. Konten und Zugang<\/h3>\n\n<ul>\n  <li>Nutzer m\u00fcssen ein Konto erstellen, um auf das Dashboard zugreifen zu k\u00f6nnen.<\/li>\n  <li>Sie sind f\u00fcr die Wahrung der Vertraulichkeit Ihrer Kontodaten verantwortlich.<\/li>\n  <li>Wir behalten uns das Recht vor, Konten zu sperren oder zu l\u00f6schen, die gegen diese Bedingungen versto\u00dfen.<\/li>\n<\/ul>\n\n<h3>4. Nutzerinhalte<\/h3>\n\n<ul>\n  <li>Nutzer k\u00f6nnen Fotos oder Videos \u00fcber den QR-Code hochladen.<\/li>\n  <li>Der Inhalt muss den Regeln zur akzeptablen Nutzung entsprechen (siehe Abschnitt 5).<\/li>\n  <li>Wir behalten uns das Recht vor, Inhalte zu entfernen, die als unangemessen oder illegal erachtet werden.<\/li>\n<\/ul>\n\n<h3>5. Akzeptable Nutzung<\/h3>\n\n<p>Nutzer d\u00fcrfen nicht:<\/p>\n\n<ul>\n  <li>Inhalte hochladen, die illegal, beleidigend, pornografisch sind oder die Rechte Dritter verletzen.<\/li>\n  <li>Den Dienst f\u00fcr betr\u00fcgerische oder missbr\u00e4uchliche Aktivit\u00e4ten nutzen.<\/li>\n  <li>Urheberrechte oder pers\u00f6nliche Daten Dritter verletzen.<\/li>\n  <li>Die Weitergabe des Links der QR-Codes sowie der f\u00fcr die Veranstaltung erstellten Sicherheitscodes (PIN) an Personen, die keinen Bezug zur Veranstaltung haben, zu gestatten.<\/li>\n<\/ul>\n\n<h3>6. Urheberrechte<\/h3>\n\n<p>\nNutzer behalten die Rechte an den von ihnen hochgeladenen Inhalten, gew\u00e4hren uns jedoch eine Lizenz zur Reproduktion dieser Inhalte \u00fcber unsere Plattform.\n<\/p>\n\n<p>\nDie Website und ihre Dienste sind urheberrechtlich gesch\u00fctzt, und eine unbefugte Nutzung ist nicht gestattet. Jegliche Reproduktion, Verbreitung oder Verwertung von Teilen des Inhalts ohne unsere schriftliche Genehmigung ist untersagt. \n<\/p>\n\n<h3>7. Datenschutz<\/h3>\n\n<p>\nDie Nutzung des Dienstes unterliegt der Datenschutzrichtlinie, die festlegt, wie wir personenbezogene Daten erfassen, speichern und verwenden.\n<\/p>\n\n<h3>8. Gew\u00e4hrleistungsausschluss<\/h3>\n\n<p>\nDer Dienst wird \u201ewie besehen\u201c und \u201ewie verf\u00fcgbar\u201c bereitgestellt, ohne Garantien jeglicher Art, weder ausdr\u00fccklich noch stillschweigend. Wir garantieren nicht, dass: \n<\/p>\n\n<ul>\n  <li>Die Dienste ununterbrochen oder fehlerfrei sein werden.<\/li>\n  <li>Der Inhalt sicher und virenfrei sein wird.<\/li>\n  <li>Die Ergebnisse der Nutzung unserer Dienste stets den Erwartungen der Nutzer entsprechen werden.<\/li>\n  <li>frei von technischen Problemen sein wird, wie Verz\u00f6gerungen oder Fehlfunktionen, die auf Drittanbieter (wie Hosting-, Datenspeicher-, Zahlungs- oder Netzwerkanbieter) zur\u00fcckzuf\u00fchren sind.<\/li>\n<\/ul>\n\n<p>\nDie Nutzung der Plattform erfolgt auf Ihr eigenes Risiko.\n<\/p>\n\n<h3>9. Haftungsausschluss<\/h3>\n\n<p>Wir \u00fcbernehmen keine Verantwortung f\u00fcr:<\/p>\n\n<ul>\n  <li>Probleme, die aus der fehlerhaften Nutzung der Plattform entstehen.<\/li>\n  <li>Datenverlust aufgrund technischer Probleme oder unbefugten Zugriffs.<\/li>\n  <li>Sch\u00e4den, die von Dritten oder durch von Nutzern hochgeladene Inhalte verursacht werden.<\/li>\n  <li>Unterschiede in der Farbwiedergabe zwischen digitaler Anzeige und Ausdrucken.<\/li>\n<\/ul>\n\n<h3>10. Haftungsbeschr\u00e4nkung<\/h3>\n\n<p>\nSoweit gesetzlich zul\u00e4ssig, haften wir nicht f\u00fcr:\n<\/p>\n\n<ul>\n  <li>Direkte, indirekte oder Folgesch\u00e4den, die aus der Nutzung des Dienstes entstehen.<\/li>\n  <li>Finanzielle Verluste, Datenverlust oder entgangene Gewinne.<\/li>\n  <li>Jegliche Fehlfunktion, die auf externe Faktoren oder Handlungen Dritter zur\u00fcckzuf\u00fchren ist.<\/li>\n<\/ul>\n\n<p>\nSollte sich entgegen diesen Bedingungen herausstellen, dass wir Ihnen gegen\u00fcber eine Haftung tragen, so ist diese auf den Betrag begrenzt, den Sie f\u00fcr die Nutzung des Dienstes gezahlt haben.\n<\/p>\n\n<h3>11. Drittanbieter<\/h3>\n\n<p>\nUnsere Plattform kann Dienste, Inhalte oder Links Dritter enthalten, die:\n<\/p>\n\n<ul>\n  <li>Ihren eigenen Bedingungen und Richtlinien unterliegen.<\/li>\n  <li>Nicht von uns kontrolliert werden und f\u00fcr die wir keine Verantwortung \u00fcbernehmen.<\/li>\n  <li>Sich ohne Vorank\u00fcndigung \u00e4ndern oder ihren Betrieb einstellen k\u00f6nnen.<\/li>\n<\/ul>\n\n<p>\nIhre Interaktion mit Drittanbietern erfolgt auf Ihr eigenes Risiko.\n<\/p>\n\n<h3>12. \u00c4nderungen der Bedingungen<\/h3>\n\n<p>\nGuestshots beh\u00e4lt sich das Recht vor, die vorliegenden Nutzungsbedingungen und den Inhalt der Website jederzeit und ohne vorherige Benachrichtigung der Nutzer zu \u00e4ndern, indem sie diese lediglich auf der Website bekannt gibt. Besucher\/Nutzer sind verpflichtet, regelm\u00e4\u00dfig auf m\u00f6gliche \u00c4nderungen zu pr\u00fcfen. Wenn sie die Nutzung der Website fortsetzen, wird davon ausgegangen, dass sie die \u00c4nderungen akzeptiert haben.\n<\/p>\n\n<h3>13. Freistellung<\/h3>\n\n<p>\nEs wird hiermit ausdr\u00fccklich vereinbart, dass Sie im Falle einer Klage, Forderung, eines Verwaltungs- oder Gerichtsverfahrens gegen das Unternehmen, das sich aus einer Verletzung Ihrerseits ergibt, die Verpflichtung \u00fcbernehmen, einerseits in das entsprechende Gerichtsverfahren einzugreifen und andererseits das berechtigte Unternehmen freizustellen, falls es zur Zahlung einer Entsch\u00e4digung oder anderer Kosten verpflichtet wird, sowie f\u00fcr alle Sch\u00e4den, die ihm aufgrund Ihres fr\u00fcheren Fehlverhaltens entstehen k\u00f6nnten.\n<\/p>\n\n<h3>14. Anwendbares Recht und sonstige Bestimmungen<\/h3>\n\n<p>\nDieser Nutzungsvertrag unterliegt den Bestimmungen des griechischen Rechts, den Richtlinien und Verordnungen des europ\u00e4ischen Rechts sowie den einschl\u00e4gigen internationalen Bestimmungen und ist nach den Grunds\u00e4tzen von Treu und Glauben, den Gesch\u00e4ftssitten sowie dem wirtschaftlichen und sozialen Zweck des Rechts auszulegen.\n<\/p>\n\n<p>\nSollte eine Bestimmung als gesetzeswidrig und somit als nichtig oder anfechtbar befunden werden, so tritt sie automatisch au\u00dfer Kraft, ohne dass die G\u00fcltigkeit der \u00fcbrigen Bestimmungen in irgendeiner Weise ber\u00fchrt wird.\n<\/p>\n\n<p>\nKeine \u00c4nderung der Bedingungen dieses Vertrages wird ber\u00fccksichtigt oder Bestandteil davon, es sei denn, sie wurde schriftlich festgehalten und in diesen integriert.\n<\/p>\n\n<p>\nZust\u00e4ndige Gerichte f\u00fcr alle aus diesem Vertrag entstehenden Streitigkeiten sind die Gerichte von Drama.\n<\/p>\n\n<h3>15. Kontakt<\/h3>\n\n<p>\nBei Fragen oder Anliegen bez\u00fcglich dieser Bedingungen kontaktieren Sie uns bitte unter info@nine-muses.gr.\n<\/p>\n\t\t\t\t\t\t\t\t<\/div>\n\t\t\t\t<\/div>\n\t\t\t\t\t<\/div>\n\t\t\t\t<\/div>\n\t\t\t\t<\/div>\n\t\t","protected":false},"excerpt":{"rendered":"<p>Nutzungsbedingungen Willkommen auf der GuestShots-Website! Der Besucher\/Nutzer unserer Website-Seiten und -Dienste ist verpflichtet, die folgenden Nutzungsbedingungen und Servicebedingungen sorgf\u00e4ltig zu lesen, bevor er unsere Dienste besucht oder nutzt. Im Falle einer Meinungsverschiedenheit darf er diese nicht nutzen. Andernfalls wird davon ausgegangen, dass er diese akzeptiert und seine Zustimmung erteilt. Die nachstehenden Nutzungsbedingungen gelten f\u00fcr den [&hellip;]<\/p>\n","protected":false},"author":2,"featured_media":0,"parent":0,"menu_order":0,"comment_status":"closed","ping_status":"closed","template":"","meta":{"footnotes":""},"class_list":["post-111687","page","type-page","status-publish","hentry"],"_links":{"self":[{"href":"https:\/\/guestshots.gr\/de\/wp-json\/wp\/v2\/pages\/111687","targetHints":{"allow":["GET"]}}],"collection":[{"href":"https:\/\/guestshots.gr\/de\/wp-json\/wp\/v2\/pages"}],"about":[{"href":"https:\/\/guestshots.gr\/de\/wp-json\/wp\/v2\/types\/page"}],"author":[{"embeddable":true,"href":"https:\/\/guestshots.gr\/de\/wp-json\/wp\/v2\/users\/2"}],"replies":[{"embeddable":true,"href":"https:\/\/guestshots.gr\/de\/wp-json\/wp\/v2\/comments?post=111687"}],"version-history":[{"count":1,"href":"https:\/\/guestshots.gr\/de\/wp-json\/wp\/v2\/pages\/111687\/revisions"}],"predecessor-version":[{"id":111688,"href":"https:\/\/guestshots.gr\/de\/wp-json\/wp\/v2\/pages\/111687\/revisions\/111688"}],"wp:attachment":[{"href":"https:\/\/guestshots.gr\/de\/wp-json\/wp\/v2\/media?parent=111687"}],"curies":[{"name":"wp","href":"https:\/\/api.w.org\/{rel}","templated":true}]}}